{"id":1097623,"date":"2024-09-23T22:16:30","date_gmt":"2024-09-24T02:16:30","guid":{"rendered":"https:\/\/www.bocskairadio.org\/?page_id=1097623"},"modified":"2024-09-25T21:09:03","modified_gmt":"2024-09-26T01:09:03","slug":"legacy","status":"publish","type":"page","link":"https:\/\/www.bocskairadio.org\/en\/legacy\/","title":{"rendered":"Cleveland &#8211; LEGACY USATOUR2024 &#8211; Online Tickets"},"content":{"rendered":"<h6 style=\"text-align: center;\"><em>Ez a bejegyz\u00e9s el\u00e9rhet\u0151 <span class=\"wpml-ls-slot-post_translations wpml-ls-item wpml-ls-item-hu wpml-ls-first-item wpml-ls-last-item wpml-ls-item-legacy-post-translations\"><a class=\"wpml-ls-link\" href=\"https:\/\/www.bocskairadio.org\/vadrozsa\/\"><span class=\"wpml-ls-display icl_lang_sel_translated\">magyar<\/span><\/a> nyelven is.<\/span><\/em><\/h6>\n<p>On the 40th anniversary of its existence, Bocskai R\u00e1di\u00f3 welcomes the Angyalf\u00f6ldi Vadr\u00f3zsa Folkdance Ensemble with the LEGACY USATOUR2024 performance. The tour pays tribute to the memory of the 1956 revolution and freedom fight.<\/p>\n<p>The Cleveland performance will take place on Saturday, October 26, 2024, at 6 p.m. in the Kulas Auditorium of John Carroll University, which is also\u00a0<span style=\"color: #ff0000;\">the\u00a0<\/span>home of the Bocskai Radio.<br \/>\n(1 John Carroll Blvd, University Heights, OH 44118, KULAS)<\/p>\n<p>Entry is free, but a ticket is required. Donations are accepted to cover the cost of the dance group\u2019s performance. Suggested donation\u00a0<span style=\"color: #ff0000;\">is<\/span>\u00a0$20 per guest. There\u00a0<span style=\"color: #ff0000;\">are\u00a0<\/span>no seat reservation<span style=\"color: #ff0000;\">s &#8212;\u00a0<\/span>seats are reserved in the theater on a first-come, first-served basis. Tickets can be picked up at the WILL CALL desk at the entrance. More info:\u00a0<a href=\"mailto:studio@bocskairadio.org\" target=\"_blank\" rel=\"noopener\">studio@bocskairadio.org<\/a>\u00a0or <a href=\"tel:2162020486\">(216) 202-0486<\/a>.<\/p>\n\n","protected":false},"excerpt":{"rendered":"<h6 style=\"text-align: center;\"><em>Ez a bejegyz\u00e9s el\u00e9rhet\u0151 <span class=\"wpml-ls-slot-post_translations wpml-ls-item wpml-ls-item-hu wpml-ls-first-item wpml-ls-last-item wpml-ls-item-legacy-post-translations\"><a class=\"wpml-ls-link\" href=\"https:\/\/www.bocskairadio.org\/vadrozsa\/\"><span class=\"wpml-ls-display icl_lang_sel_translated\">magyar<\/span><\/a> nyelven is.<\/span><\/em><\/h6>\n<p>On the 40th anniversary of its existence, Bocskai R\u00e1di\u00f3 welcomes the Angyalf\u00f6ldi Vadr\u00f3zsa Folkdance Ensemble with the LEGACY USATOUR2024 performance. The tour pays tribute to the memory of the 1956 revolution and freedom fight.<\/p>\n<p>The Cleveland performance will take place on Saturday, October 26, 2024, at 6 p.m. in the Kulas Auditorium of John Carroll University, which is also\u00a0<span style=\"color: #ff0000;\">the\u00a0<\/span>home of the Bocskai Radio.<br \/>\n(1 John Carroll Blvd, University Heights, OH 44118, KULAS)<\/p>\n<p>Entry is free, but a ticket is required. Donations are accepted to cover the cost of the dance group\u2019s performance. Suggested donation\u00a0<span style=\"color: #ff0000;\">is<\/span>\u00a0$20 per guest. There\u00a0<span style=\"color: #ff0000;\">are\u00a0<\/span>no seat reservation<span style=\"color: #ff0000;\">s &#8212;\u00a0<\/span>seats are reserved in the theater on a first-come, first-served basis. Tickets can be picked up at the WILL CALL desk at the entrance. More info:\u00a0<a href=\"mailto:studio@bocskairadio.org\" target=\"_blank\" rel=\"noopener\">studio@bocskairadio.org<\/a>\u00a0or <a href=\"tel:2162020486\">(216) 202-0486<\/a>.<\/p>\n[gravityform id=\"648\" title=\"false\" description=\"false\"]\n","protected":false},"author":1,"featured_media":1097649,"parent":0,"menu_order":0,"comment_status":"closed","ping_status":"closed","template":"","meta":{"footnotes":""},"class_list":["post-1097623","page","type-page","status-publish","has-post-thumbnail"],"yoast_head":"<!-- This site is optimized with the Yoast SEO plugin v27.3 - https:\/\/yoast.com\/product\/yoast-seo-wordpress\/ -->\n<title>Cleveland - LEGACY USATOUR2024 - Online Tickets &#8211; Bocskai R\u00e1di\u00f3<\/title>\n<meta name=\"robots\" content=\"index, follow, max-snippet:-1, max-image-preview:large, max-video-preview:-1\" \/>\n<link rel=\"canonical\" href=\"https:\/\/www.bocskairadio.org\/en\/legacy\/\" \/>\n<meta property=\"og:locale\" content=\"en_US\" \/>\n<meta property=\"og:type\" content=\"article\" \/>\n<meta property=\"og:title\" content=\"Cleveland - LEGACY USATOUR2024 - Online Tickets &#8211; Bocskai R\u00e1di\u00f3\" \/>\n<meta property=\"og:description\" content=\"Ez a bejegyz\u00e9s el\u00e9rhet\u0151 magyar nyelven is. On the 40th anniversary of its existence, Bocskai R\u00e1di\u00f3 welcomes the Angyalf\u00f6ldi Vadr\u00f3zsa Folkdance Ensemble with the LEGACY USATOUR2024 performance. The tour pays tribute to the memory of the 1956 revolution and freedom fight.  The Cleveland performance will take place on Saturday, October 26, 2024, at 6 p.m. in the Kulas Auditorium of John Carroll University, which is also\u00a0the\u00a0home of the Bocskai Radio. (1 John Carroll Blvd, University Heights, OH 44118, KULAS)  Entry is free, but a ticket is required. Donations are accepted to cover the cost of the dance group\u2019s performance. Suggested donation\u00a0is\u00a0$20 per guest. There\u00a0are\u00a0no seat reservations --\u00a0seats are reserved in the theater on a first-come, first-served basis. Tickets can be picked up at the WILL CALL desk at the entrance. More info:\u00a0studio@bocskairadio.org\u00a0or (216) 202-0486.\" \/>\n<meta property=\"og:url\" content=\"https:\/\/www.bocskairadio.org\/en\/legacy\/\" \/>\n<meta property=\"og:site_name\" content=\"Bocskai R\u00e1di\u00f3\" \/>\n<meta property=\"article:publisher\" content=\"https:\/\/www.facebook.com\/BocskaiRadio\" \/>\n<meta property=\"article:modified_time\" content=\"2024-09-26T01:09:03+00:00\" \/>\n<meta property=\"og:image\" content=\"https:\/\/www.bocskairadio.org\/wp-content\/uploads\/2024\/09\/fb-event-cover_Cleveland.jpg\" \/>\n\t<meta property=\"og:image:width\" content=\"1920\" \/>\n\t<meta property=\"og:image:height\" content=\"1005\" \/>\n\t<meta property=\"og:image:type\" content=\"image\/jpeg\" \/>\n<meta name=\"twitter:card\" content=\"summary_large_image\" \/>\n<meta name=\"twitter:image\" content=\"https:\/\/www.bocskairadio.org\/wp-content\/uploads\/2024\/09\/fb-event-cover_Cleveland.jpg\" \/>\n<meta name=\"twitter:site\" content=\"@BocskaiRadio\" \/>\n<script type=\"application\/ld+json\" class=\"yoast-schema-graph\">{\"@context\":\"https:\\\/\\\/schema.org\",\"@graph\":[{\"@type\":\"WebPage\",\"@id\":\"https:\\\/\\\/www.bocskairadio.org\\\/en\\\/legacy\\\/\",\"url\":\"https:\\\/\\\/www.bocskairadio.org\\\/en\\\/legacy\\\/\",\"name\":\"Cleveland - LEGACY USATOUR2024 - Online Tickets &#8211; Bocskai R\u00e1di\u00f3\",\"isPartOf\":{\"@id\":\"https:\\\/\\\/www.bocskairadio.org\\\/en\\\/#website\"},\"primaryImageOfPage\":{\"@id\":\"https:\\\/\\\/www.bocskairadio.org\\\/en\\\/legacy\\\/#primaryimage\"},\"image\":{\"@id\":\"https:\\\/\\\/www.bocskairadio.org\\\/en\\\/legacy\\\/#primaryimage\"},\"thumbnailUrl\":\"https:\\\/\\\/www.bocskairadio.org\\\/wp-content\\\/uploads\\\/2024\\\/09\\\/fb-event-cover_Cleveland.jpg\",\"datePublished\":\"2024-09-24T02:16:30+00:00\",\"dateModified\":\"2024-09-26T01:09:03+00:00\",\"inLanguage\":\"en-US\",\"potentialAction\":[{\"@type\":\"ReadAction\",\"target\":[\"https:\\\/\\\/www.bocskairadio.org\\\/en\\\/legacy\\\/\"]}]},{\"@type\":\"ImageObject\",\"inLanguage\":\"en-US\",\"@id\":\"https:\\\/\\\/www.bocskairadio.org\\\/en\\\/legacy\\\/#primaryimage\",\"url\":\"https:\\\/\\\/www.bocskairadio.org\\\/wp-content\\\/uploads\\\/2024\\\/09\\\/fb-event-cover_Cleveland.jpg\",\"contentUrl\":\"https:\\\/\\\/www.bocskairadio.org\\\/wp-content\\\/uploads\\\/2024\\\/09\\\/fb-event-cover_Cleveland.jpg\",\"width\":1920,\"height\":1005},{\"@type\":\"WebSite\",\"@id\":\"https:\\\/\\\/www.bocskairadio.org\\\/en\\\/#website\",\"url\":\"https:\\\/\\\/www.bocskairadio.org\\\/en\\\/\",\"name\":\"Bocskai R\u00e1di\u00f3\",\"description\":\"The Voice of Cleveland Hungarians\",\"publisher\":{\"@id\":\"https:\\\/\\\/www.bocskairadio.org\\\/en\\\/#organization\"},\"potentialAction\":[{\"@type\":\"SearchAction\",\"target\":{\"@type\":\"EntryPoint\",\"urlTemplate\":\"https:\\\/\\\/www.bocskairadio.org\\\/en\\\/?s={search_term_string}\"},\"query-input\":{\"@type\":\"PropertyValueSpecification\",\"valueRequired\":true,\"valueName\":\"search_term_string\"}}],\"inLanguage\":\"en-US\"},{\"@type\":\"Organization\",\"@id\":\"https:\\\/\\\/www.bocskairadio.org\\\/en\\\/#organization\",\"name\":\"Bocskai R\u00e1di\u00f3\",\"url\":\"https:\\\/\\\/www.bocskairadio.org\\\/en\\\/\",\"logo\":{\"@type\":\"ImageObject\",\"inLanguage\":\"en-US\",\"@id\":\"https:\\\/\\\/www.bocskairadio.org\\\/en\\\/#\\\/schema\\\/logo\\\/image\\\/\",\"url\":\"https:\\\/\\\/www.bocskairadio.org\\\/wp-content\\\/uploads\\\/2016\\\/11\\\/var3_basic.jpg\",\"contentUrl\":\"https:\\\/\\\/www.bocskairadio.org\\\/wp-content\\\/uploads\\\/2016\\\/11\\\/var3_basic.jpg\",\"width\":500,\"height\":500,\"caption\":\"Bocskai R\u00e1di\u00f3\"},\"image\":{\"@id\":\"https:\\\/\\\/www.bocskairadio.org\\\/en\\\/#\\\/schema\\\/logo\\\/image\\\/\"},\"sameAs\":[\"https:\\\/\\\/www.facebook.com\\\/BocskaiRadio\",\"https:\\\/\\\/x.com\\\/BocskaiRadio\",\"https:\\\/\\\/www.instagram.com\\\/bocskairadio\\\/\",\"https:\\\/\\\/www.youtube.com\\\/user\\\/bocskairadio\",\"https:\\\/\\\/hu.wikipedia.org\\\/wiki\\\/Bocskai_R\u00e1di\u00f3\"]}]}<\/script>\n<!-- \/ Yoast SEO plugin. -->","yoast_head_json":{"title":"Cleveland - LEGACY USATOUR2024 - Online Tickets &#8211; Bocskai R\u00e1di\u00f3","robots":{"index":"index","follow":"follow","max-snippet":"max-snippet:-1","max-image-preview":"max-image-preview:large","max-video-preview":"max-video-preview:-1"},"canonical":"https:\/\/www.bocskairadio.org\/en\/legacy\/","og_locale":"en_US","og_type":"article","og_title":"Cleveland - LEGACY USATOUR2024 - Online Tickets &#8211; Bocskai R\u00e1di\u00f3","og_description":"Ez a bejegyz\u00e9s el\u00e9rhet\u0151 magyar nyelven is. On the 40th anniversary of its existence, Bocskai R\u00e1di\u00f3 welcomes the Angyalf\u00f6ldi Vadr\u00f3zsa Folkdance Ensemble with the LEGACY USATOUR2024 performance. The tour pays tribute to the memory of the 1956 revolution and freedom fight.  The Cleveland performance will take place on Saturday, October 26, 2024, at 6 p.m. in the Kulas Auditorium of John Carroll University, which is also\u00a0the\u00a0home of the Bocskai Radio. (1 John Carroll Blvd, University Heights, OH 44118, KULAS)  Entry is free, but a ticket is required. Donations are accepted to cover the cost of the dance group\u2019s performance. Suggested donation\u00a0is\u00a0$20 per guest. There\u00a0are\u00a0no seat reservations --\u00a0seats are reserved in the theater on a first-come, first-served basis. Tickets can be picked up at the WILL CALL desk at the entrance. More info:\u00a0studio@bocskairadio.org\u00a0or (216) 202-0486.","og_url":"https:\/\/www.bocskairadio.org\/en\/legacy\/","og_site_name":"Bocskai R\u00e1di\u00f3","article_publisher":"https:\/\/www.facebook.com\/BocskaiRadio","article_modified_time":"2024-09-26T01:09:03+00:00","og_image":[{"width":1920,"height":1005,"url":"https:\/\/www.bocskairadio.org\/wp-content\/uploads\/2024\/09\/fb-event-cover_Cleveland.jpg","type":"image\/jpeg"}],"twitter_card":"summary_large_image","twitter_image":"https:\/\/www.bocskairadio.org\/wp-content\/uploads\/2024\/09\/fb-event-cover_Cleveland.jpg","twitter_site":"@BocskaiRadio","schema":{"@context":"https:\/\/schema.org","@graph":[{"@type":"WebPage","@id":"https:\/\/www.bocskairadio.org\/en\/legacy\/","url":"https:\/\/www.bocskairadio.org\/en\/legacy\/","name":"Cleveland - LEGACY USATOUR2024 - Online Tickets &#8211; Bocskai R\u00e1di\u00f3","isPartOf":{"@id":"https:\/\/www.bocskairadio.org\/en\/#website"},"primaryImageOfPage":{"@id":"https:\/\/www.bocskairadio.org\/en\/legacy\/#primaryimage"},"image":{"@id":"https:\/\/www.bocskairadio.org\/en\/legacy\/#primaryimage"},"thumbnailUrl":"https:\/\/www.bocskairadio.org\/wp-content\/uploads\/2024\/09\/fb-event-cover_Cleveland.jpg","datePublished":"2024-09-24T02:16:30+00:00","dateModified":"2024-09-26T01:09:03+00:00","inLanguage":"en-US","potentialAction":[{"@type":"ReadAction","target":["https:\/\/www.bocskairadio.org\/en\/legacy\/"]}]},{"@type":"ImageObject","inLanguage":"en-US","@id":"https:\/\/www.bocskairadio.org\/en\/legacy\/#primaryimage","url":"https:\/\/www.bocskairadio.org\/wp-content\/uploads\/2024\/09\/fb-event-cover_Cleveland.jpg","contentUrl":"https:\/\/www.bocskairadio.org\/wp-content\/uploads\/2024\/09\/fb-event-cover_Cleveland.jpg","width":1920,"height":1005},{"@type":"WebSite","@id":"https:\/\/www.bocskairadio.org\/en\/#website","url":"https:\/\/www.bocskairadio.org\/en\/","name":"Bocskai R\u00e1di\u00f3","description":"The Voice of Cleveland Hungarians","publisher":{"@id":"https:\/\/www.bocskairadio.org\/en\/#organization"},"potentialAction":[{"@type":"SearchAction","target":{"@type":"EntryPoint","urlTemplate":"https:\/\/www.bocskairadio.org\/en\/?s={search_term_string}"},"query-input":{"@type":"PropertyValueSpecification","valueRequired":true,"valueName":"search_term_string"}}],"inLanguage":"en-US"},{"@type":"Organization","@id":"https:\/\/www.bocskairadio.org\/en\/#organization","name":"Bocskai R\u00e1di\u00f3","url":"https:\/\/www.bocskairadio.org\/en\/","logo":{"@type":"ImageObject","inLanguage":"en-US","@id":"https:\/\/www.bocskairadio.org\/en\/#\/schema\/logo\/image\/","url":"https:\/\/www.bocskairadio.org\/wp-content\/uploads\/2016\/11\/var3_basic.jpg","contentUrl":"https:\/\/www.bocskairadio.org\/wp-content\/uploads\/2016\/11\/var3_basic.jpg","width":500,"height":500,"caption":"Bocskai R\u00e1di\u00f3"},"image":{"@id":"https:\/\/www.bocskairadio.org\/en\/#\/schema\/logo\/image\/"},"sameAs":["https:\/\/www.facebook.com\/BocskaiRadio","https:\/\/x.com\/BocskaiRadio","https:\/\/www.instagram.com\/bocskairadio\/","https:\/\/www.youtube.com\/user\/bocskairadio","https:\/\/hu.wikipedia.org\/wiki\/Bocskai_R\u00e1di\u00f3"]}]}},"_links":{"self":[{"href":"https:\/\/www.bocskairadio.org\/en\/wp-json\/wp\/v2\/pages\/1097623","targetHints":{"allow":["GET"]}}],"collection":[{"href":"https:\/\/www.bocskairadio.org\/en\/wp-json\/wp\/v2\/pages"}],"about":[{"href":"https:\/\/www.bocskairadio.org\/en\/wp-json\/wp\/v2\/types\/page"}],"author":[{"embeddable":true,"href":"https:\/\/www.bocskairadio.org\/en\/wp-json\/wp\/v2\/users\/1"}],"replies":[{"embeddable":true,"href":"https:\/\/www.bocskairadio.org\/en\/wp-json\/wp\/v2\/comments?post=1097623"}],"version-history":[{"count":4,"href":"https:\/\/www.bocskairadio.org\/en\/wp-json\/wp\/v2\/pages\/1097623\/revisions"}],"predecessor-version":[{"id":1097662,"href":"https:\/\/www.bocskairadio.org\/en\/wp-json\/wp\/v2\/pages\/1097623\/revisions\/1097662"}],"wp:featuredmedia":[{"embeddable":true,"href":"https:\/\/www.bocskairadio.org\/en\/wp-json\/wp\/v2\/media\/1097649"}],"wp:attachment":[{"href":"https:\/\/www.bocskairadio.org\/en\/wp-json\/wp\/v2\/media?parent=1097623"}],"curies":[{"name":"wp","href":"https:\/\/api.w.org\/{rel}","templated":true}]}}